{"id":911,"date":"2021-05-17T18:33:57","date_gmt":"2021-05-17T18:33:57","guid":{"rendered":"https:\/\/www.gfl-berlin.com\/impressum\/"},"modified":"2025-07-18T07:43:39","modified_gmt":"2025-07-18T07:43:39","slug":"imprint","status":"publish","type":"page","link":"https:\/\/www.gfl-berlin.com\/en\/imprint\/","title":{"rendered":"Imprint"},"content":{"rendered":"<div class=\"wpb-content-wrapper\"><p>[vc_row][vc_column][vc_column_text css=&#8221;&#8221;]<\/p>\n<div class=\"wpb_text_column wpb_content_element \">\n<div class=\"wpb_wrapper\">\n<div id=\"comp-jfi322n8\" class=\"txtNew\" data-packed=\"false\" data-min-height=\"5450\">\n<p class=\"font_7\">GfL Gesellschaft f\u00fcr Lebensmittel-Forschung mbH<br \/>\nGesch\u00e4ftsf\u00fchrer: Dr. rer. nat. Hans-J\u00fcrgen Hofsommer und Mikko Hofsommer<\/p>\n<p class=\"font_7\">Kontaktdaten:<br \/>\nLandgrafenstra\u00dfe 16<br \/>\n10787 Berlin<\/p>\n<p class=\"font_7\">Telefon:+49 30 2639200<br \/>\nFax:\u00a0\u00a0 \u00a0+49 30 26392025<br \/>\nE-Mail: <a href=\"mailto:info@gfl-berlin.de\" target=\"_self\" rel=\"noopener noreferrer\" data-content=\"info@gfl-berlin.de\" data-type=\"mail\">info@gfl-berlin.com<\/a><\/p>\n<p class=\"font_7\">Umsatzsteuer-Identifikationsnummer:<br \/>\nUSt-ID \/ VAT: DE 136 754 113<\/p>\n<p class=\"font_7\">Register &amp; Registernummer:<br \/>\nAmtsgericht Charlottenburg HRB 21 583<br \/>\nSteuer-Nr. 30\/306\/50385<\/p>\n<p class=\"font_7\">Verantwortlicher \/ Verantwortliche f\u00fcr journalistisch-redaktionelle Texte:<br \/>\nMikko Hofsommer<\/p>\n<p>Bildrechte:<br \/>\n\u00a9 GfL Gesellschaft f\u00fcr Lebensmittel-Forschung mbH<\/p>\n<p>Mikko Hofsommer<br \/>\nVon der IHK \u00f6ffentlich bestellter und vereidigter Sachverst\u00e4ndiger f\u00fcr Erfrischungsgetr\u00e4nke und Fruchts\u00e4fte<br \/>\nZust\u00e4ndige IHK: IHK Berlin<\/p>\n<\/div>\n<\/div>\n<\/div>\n<p>&nbsp;<\/p>\n<p>[\/vc_column_text][\/vc_column][\/vc_row]<\/p>\n<\/div>","protected":false},"excerpt":{"rendered":"<p>[vc_row][vc_column][vc_column_text css=&#8221;&#8221;] GfL Gesellschaft f\u00fcr Lebensmittel-Forschung mbH Gesch\u00e4ftsf\u00fchrer: Dr. rer. nat. Hans-J\u00fcrgen Hofsommer und Mikko Hofsommer Kontaktdaten: Landgrafenstra\u00dfe 16 10787 Berlin Telefon:+49 30 2639200 Fax:\u00a0\u00a0 \u00a0+49 30 26392025 E-Mail: info@gfl-berlin.com Umsatzsteuer-Identifikationsnummer: USt-ID \/ VAT: DE 136 754 113 Register &amp; Registernummer: Amtsgericht Charlottenburg HRB 21 583 Steuer-Nr. 30\/306\/50385 Verantwortlicher \/ Verantwortliche f\u00fcr journalistisch-redaktionelle Texte: Mikko <\/p>\n<div class=\"btn-more-wrapper\"><a href=\"https:\/\/www.gfl-berlin.com\/en\/imprint\/\" class=\"btn btn-sm btn-hover-fill\"><svg class=\"icon icon-right-arrow\" version=\"1.1\" xmlns=\"http:\/\/www.w3.org\/2000\/svg\" width=\"32\" height=\"32\" viewBox=\"0 0 32 32\"><path d=\"M21.548 5.088c-0.436-0.451-1.162-0.451-1.613 0-0.436 0.436-0.436 1.162 0 1.596l8.177 8.177h-26.984c-0.629 0.001-1.129 0.501-1.129 1.13s0.5 1.145 1.129 1.145h26.984l-8.177 8.162c-0.436 0.451-0.436 1.178 0 1.613 0.451 0.451 1.178 0.451 1.613 0l10.113-10.113c0.451-0.436 0.451-1.162 0-1.596l-10.113-10.114z\"><\/path><\/svg>Read More<span class=\"screen-reader-text\"> &#8220;Imprint&#8221;<\/span><svg class=\"icon icon-right-arrow\" version=\"1.1\" xmlns=\"http:\/\/www.w3.org\/2000\/svg\" width=\"32\" height=\"32\" viewBox=\"0 0 32 32\"><path d=\"M21.548 5.088c-0.436-0.451-1.162-0.451-1.613 0-0.436 0.436-0.436 1.162 0 1.596l8.177 8.177h-26.984c-0.629 0.001-1.129 0.501-1.129 1.13s0.5 1.145 1.129 1.145h26.984l-8.177 8.162c-0.436 0.451-0.436 1.178 0 1.613 0.451 0.451 1.178 0.451 1.613 0l10.113-10.113c0.451-0.436 0.451-1.162 0-1.596l-10.113-10.114z\"><\/path><\/svg><\/a><\/div>\n","protected":false},"author":1,"featured_media":0,"parent":0,"menu_order":0,"comment_status":"closed","ping_status":"closed","template":"","meta":{"footnotes":""},"class_list":["post-911","page","type-page","status-publish","hentry"],"_links":{"self":[{"href":"https:\/\/www.gfl-berlin.com\/en\/wp-json\/wp\/v2\/pages\/911","targetHints":{"allow":["GET"]}}],"collection":[{"href":"https:\/\/www.gfl-berlin.com\/en\/wp-json\/wp\/v2\/pages"}],"about":[{"href":"https:\/\/www.gfl-berlin.com\/en\/wp-json\/wp\/v2\/types\/page"}],"author":[{"embeddable":true,"href":"https:\/\/www.gfl-berlin.com\/en\/wp-json\/wp\/v2\/users\/1"}],"replies":[{"embeddable":true,"href":"https:\/\/www.gfl-berlin.com\/en\/wp-json\/wp\/v2\/comments?post=911"}],"version-history":[{"count":1,"href":"https:\/\/www.gfl-berlin.com\/en\/wp-json\/wp\/v2\/pages\/911\/revisions"}],"predecessor-version":[{"id":1827,"href":"https:\/\/www.gfl-berlin.com\/en\/wp-json\/wp\/v2\/pages\/911\/revisions\/1827"}],"wp:attachment":[{"href":"https:\/\/www.gfl-berlin.com\/en\/wp-json\/wp\/v2\/media?parent=911"}],"curies":[{"name":"wp","href":"https:\/\/api.w.org\/{rel}","templated":true}]}}